{"id":627,"date":"2025-08-27T10:27:14","date_gmt":"2025-08-27T10:27:14","guid":{"rendered":"https:\/\/demo.old.knappenhof.it\/mangiare-bere\/"},"modified":"2026-01-08T14:15:47","modified_gmt":"2026-01-08T14:15:47","slug":"mangiare-bere","status":"publish","type":"page","link":"https:\/\/knappenhof.it\/it\/mangiare-bere\/","title":{"rendered":"Mangiare &amp; bere"},"content":{"rendered":"\t\t<div data-elementor-type=\"wp-page\" data-elementor-id=\"627\" class=\"elementor elementor-627 elementor-177\" data-elementor-post-type=\"page\">\n\t\t\t\t<div class=\"elementor-element elementor-element-9972743 e-con-full e-flex e-con e-parent\" data-id=\"9972743\" data-element_type=\"container\">\n\t\t<section class=\"elementor-element elementor-element-8b34507 e-con-full entrance e-flex e-con e-child\" data-id=\"8b34507\" data-element_type=\"container\" data-settings=\"{&quot;background_background&quot;:&quot;classic&quot;}\">\n\t\t\t\t<div class=\"elementor-element elementor-element-275b61f elementor-widget elementor-widget-image-carousel\" data-id=\"275b61f\" data-element_type=\"widget\" data-settings=\"{&quot;slides_to_show&quot;:&quot;1&quot;,&quot;navigation&quot;:&quot;none&quot;,&quot;autoplay&quot;:&quot;yes&quot;,&quot;pause_on_hover&quot;:&quot;yes&quot;,&quot;pause_on_interaction&quot;:&quot;yes&quot;,&quot;autoplay_speed&quot;:5000,&quot;infinite&quot;:&quot;yes&quot;,&quot;effect&quot;:&quot;slide&quot;,&quot;speed&quot;:500}\" data-widget_type=\"image-carousel.default\">\n\t\t\t\t\t\t\t<div class=\"elementor-image-carousel-wrapper swiper\" role=\"region\" aria-roledescription=\"carousel\" aria-label=\"Bild Karussell\" dir=\"ltr\">\n\t\t\t<div class=\"elementor-image-carousel swiper-wrapper\" aria-live=\"off\">\n\t\t\t\t\t\t\t\t<div class=\"swiper-slide\" role=\"group\" aria-roledescription=\"slide\" aria-label=\"1 di 5\"><figure class=\"swiper-slide-inner\"><img decoding=\"async\" class=\"swiper-slide-image\" src=\"https:\/\/knappenhof.it\/wp-content\/uploads\/2026\/01\/0-Knappenhof-154.jpg\" alt=\"0 - Knappenhof - 154\" \/><\/figure><\/div><div class=\"swiper-slide\" role=\"group\" aria-roledescription=\"slide\" aria-label=\"2 di 5\"><figure class=\"swiper-slide-inner\"><img decoding=\"async\" class=\"swiper-slide-image\" src=\"https:\/\/knappenhof.it\/wp-content\/uploads\/2026\/01\/0-Knappenhof-137.jpg\" alt=\"0 - Knappenhof - 137\" \/><\/figure><\/div><div class=\"swiper-slide\" role=\"group\" aria-roledescription=\"slide\" aria-label=\"3 di 5\"><figure class=\"swiper-slide-inner\"><img decoding=\"async\" class=\"swiper-slide-image\" src=\"https:\/\/knappenhof.it\/wp-content\/uploads\/2025\/08\/IDM_Manuel-Ferrigato_Genussmomente_Plantitscherhof_lowres-9.jpg\" alt=\"IDM_Manuel Ferrigato_Genussmomente_Plantitscherhof_lowres (9)\" \/><\/figure><\/div><div class=\"swiper-slide\" role=\"group\" aria-roledescription=\"slide\" aria-label=\"4 di 5\"><figure class=\"swiper-slide-inner\"><img decoding=\"async\" class=\"swiper-slide-image\" src=\"https:\/\/knappenhof.it\/wp-content\/uploads\/2025\/08\/IDM-Block-1-\u00a9ArminHuber_HQ-7138.jpg\" alt=\"IDM Block 1 \u00a9ArminHuber_HQ-7138\" \/><\/figure><\/div><div class=\"swiper-slide\" role=\"group\" aria-roledescription=\"slide\" aria-label=\"5 di 5\"><figure class=\"swiper-slide-inner\"><img decoding=\"async\" class=\"swiper-slide-image\" src=\"https:\/\/knappenhof.it\/wp-content\/uploads\/2026\/01\/0-Knappenhof-141.jpg\" alt=\"0 - Knappenhof - 141\" \/><\/figure><\/div>\t\t\t<\/div>\n\t\t\t\t\t\t\t\n\t\t\t\t\t\t\t\t\t<\/div>\n\t\t\t\t\t\t<\/div>\n\t\t\t\t<\/section>\n\t\t<section class=\"elementor-element elementor-element-aa1e3d9 e-con-full e-flex e-con e-child\" data-id=\"aa1e3d9\" data-element_type=\"container\">\n\t\t<div class=\"elementor-element elementor-element-f15c70d e-con-full block-tit-subtit-txt w-60 container-i p-b-l p-i-l  e-flex e-con e-child\" data-id=\"f15c70d\" data-element_type=\"container\">\n\t\t\t\t<div class=\"elementor-element elementor-element-06d8b2b elementor-widget elementor-widget-heading\" data-id=\"06d8b2b\" data-element_type=\"widget\" data-widget_type=\"heading.default\">\n\t\t\t\t\t<h1 class=\"elementor-heading-title elementor-size-default\">Una vacanza che solletica il palato <\/h1>\t\t\t\t<\/div>\n\t\t\t\t<div class=\"elementor-element elementor-element-c620266 size-3 spacing elementor-widget elementor-widget-heading\" data-id=\"c620266\" data-element_type=\"widget\" data-widget_type=\"heading.default\">\n\t\t\t\t\t<h2 class=\"elementor-heading-title elementor-size-default\">Si dice che l\u2019aria di montagna metta appetito\u2026 sar\u00e0 vero?<\/h2>\t\t\t\t<\/div>\n\t\t\t\t<div class=\"elementor-element elementor-element-8888d89 custom-txt-w elementor-widget elementor-widget-text-editor\" data-id=\"8888d89\" data-element_type=\"widget\" data-widget_type=\"text-editor.default\">\n\t\t\t\t\t\t\t\t\t<p>O forse \u00e8 perch\u00e9 i sapori locali sono cos\u00ec golosi! La vacanza al Knappenhof sar\u00e0 un\u2019ottima occasione per coccolare anche il palato, ad esempio con una deliziosa colazione direttamente in appartamento. Buon appetito&#8230; o come diciamo qui: Mahlzeit!   <\/p>\t\t\t\t\t\t\t\t<\/div>\n\t\t\t\t<\/div>\n\t\t\t\t<\/section>\n\t\t<section class=\"elementor-element elementor-element-de458b9 e-con-full entrance e-flex e-con e-child\" data-id=\"de458b9\" data-element_type=\"container\" data-settings=\"{&quot;background_background&quot;:&quot;classic&quot;}\">\n\t\t\t\t<div class=\"elementor-element elementor-element-7e035d0 elementor-widget elementor-widget-image-carousel\" data-id=\"7e035d0\" data-element_type=\"widget\" data-settings=\"{&quot;slides_to_show&quot;:&quot;1&quot;,&quot;navigation&quot;:&quot;none&quot;,&quot;autoplay&quot;:&quot;yes&quot;,&quot;pause_on_hover&quot;:&quot;yes&quot;,&quot;pause_on_interaction&quot;:&quot;yes&quot;,&quot;autoplay_speed&quot;:5000,&quot;infinite&quot;:&quot;yes&quot;,&quot;effect&quot;:&quot;slide&quot;,&quot;speed&quot;:500}\" data-widget_type=\"image-carousel.default\">\n\t\t\t\t\t\t\t<div class=\"elementor-image-carousel-wrapper swiper\" role=\"region\" aria-roledescription=\"carousel\" aria-label=\"Bild Karussell\" dir=\"ltr\">\n\t\t\t<div class=\"elementor-image-carousel swiper-wrapper\" aria-live=\"off\">\n\t\t\t\t\t\t\t\t<div class=\"swiper-slide\" role=\"group\" aria-roledescription=\"slide\" aria-label=\"1 di 4\"><figure class=\"swiper-slide-inner\"><img decoding=\"async\" class=\"swiper-slide-image\" src=\"https:\/\/knappenhof.it\/wp-content\/uploads\/2026\/01\/0-Knappenhof-153.jpg\" alt=\"0 - Knappenhof - 153\" \/><\/figure><\/div><div class=\"swiper-slide\" role=\"group\" aria-roledescription=\"slide\" aria-label=\"2 di 4\"><figure class=\"swiper-slide-inner\"><img decoding=\"async\" class=\"swiper-slide-image\" src=\"https:\/\/knappenhof.it\/wp-content\/uploads\/2026\/01\/0-Knappenhof-154.jpg\" alt=\"0 - Knappenhof - 154\" \/><\/figure><\/div><div class=\"swiper-slide\" role=\"group\" aria-roledescription=\"slide\" aria-label=\"3 di 4\"><figure class=\"swiper-slide-inner\"><img decoding=\"async\" class=\"swiper-slide-image\" src=\"https:\/\/knappenhof.it\/wp-content\/uploads\/2026\/01\/0-Knappenhof-155.jpg\" alt=\"0 - Knappenhof - 155\" \/><\/figure><\/div><div class=\"swiper-slide\" role=\"group\" aria-roledescription=\"slide\" aria-label=\"4 di 4\"><figure class=\"swiper-slide-inner\"><img decoding=\"async\" class=\"swiper-slide-image\" src=\"https:\/\/knappenhof.it\/wp-content\/uploads\/2026\/01\/0-Knappenhof-157.jpg\" alt=\"0 - Knappenhof - 157\" \/><\/figure><\/div>\t\t\t<\/div>\n\t\t\t\t\t\t\t\n\t\t\t\t\t\t\t\t\t<\/div>\n\t\t\t\t\t\t<\/div>\n\t\t<div class=\"elementor-element elementor-element-41bb9dc e-con-full p-b-s p-i-s  custom-carousel-content w-60 e-flex e-con e-child\" data-id=\"41bb9dc\" data-element_type=\"container\">\n\t\t\t\t<div class=\"elementor-element elementor-element-ab57e92 size-xl elementor-widget elementor-widget-heading\" data-id=\"ab57e92\" data-element_type=\"widget\" data-widget_type=\"heading.default\">\n\t\t\t\t\t<h2 class=\"elementor-heading-title elementor-size-default\">La colazione \u00e8 pronta! <\/h2>\t\t\t\t<\/div>\n\t\t\t\t<div class=\"elementor-element elementor-element-463995e elementor-widget elementor-widget-text-editor\" data-id=\"463995e\" data-element_type=\"widget\" data-widget_type=\"text-editor.default\">\n\t\t\t\t\t\t\t\t\t<p>Fragranti panini appena sfornati, latte e latticini freschi, succhi ricchi di vitamine e specialit\u00e0 dolci e salate del territorio: il cestino della colazione vi assicura la giusta carica per le vostre avventure in montagna. Basta prenotarlo per riceverlo al mattino direttamente davanti alla porta del vostro appartamento.  <\/p>\t\t\t\t\t\t\t\t<\/div>\n\t\t\t\t<div class=\"elementor-element elementor-element-df2fbc6 read-more elementor-hidden-desktop elementor-hidden-tablet elementor-hidden-mobile elementor-widget elementor-widget-button\" data-id=\"df2fbc6\" data-element_type=\"widget\" data-widget_type=\"button.default\">\n\t\t\t\t\t\t\t\t\t\t<a class=\"elementor-button elementor-button-link elementor-size-sm\" href=\"#\">\n\t\t\t\t\t\t<span class=\"elementor-button-content-wrapper\">\n\t\t\t\t\t\t\t\t\t<span class=\"elementor-button-text\">Scopri di pi\u00f9<\/span>\n\t\t\t\t\t<\/span>\n\t\t\t\t\t<\/a>\n\t\t\t\t\t\t\t\t<\/div>\n\t\t\t\t<\/div>\n\t\t\t\t<\/section>\n\t\t<section class=\"elementor-element elementor-element-760a530 e-con-full entrance p-t-l p-bt-s e-flex e-con e-child\" data-id=\"760a530\" data-element_type=\"container\" data-settings=\"{&quot;background_background&quot;:&quot;classic&quot;}\">\n\t\t<div class=\"elementor-element elementor-element-9be1e9c e-con-full p-b-s p-i-s  custom-carousel-content w-60 e-flex e-con e-child\" data-id=\"9be1e9c\" data-element_type=\"container\">\n\t\t\t\t<div class=\"elementor-element elementor-element-1ec52d1 size-xl elementor-widget elementor-widget-heading\" data-id=\"1ec52d1\" data-element_type=\"widget\" data-widget_type=\"heading.default\">\n\t\t\t\t\t<h2 class=\"elementor-heading-title elementor-size-default\">Negozi e ristoranti nei dintorni <\/h2>\t\t\t\t<\/div>\n\t\t\t\t<\/div>\n\t\t\t\t<\/section>\n\t\t<section class=\"elementor-element elementor-element-7ba49ec e-con-full wrapper-2-col p-i-m p-bt-m e-flex e-con e-child\" data-id=\"7ba49ec\" data-element_type=\"container\">\n\t\t<div class=\"elementor-element elementor-element-d828bea e-con-full col-2  e-flex e-con e-child\" data-id=\"d828bea\" data-element_type=\"container\">\n\t\t<div class=\"elementor-element elementor-element-3b2070c e-con-full e-flex e-con e-child\" data-id=\"3b2070c\" data-element_type=\"container\">\n\t\t\t\t<div class=\"elementor-element elementor-element-3a86e2f elementor-widget elementor-widget-image\" data-id=\"3a86e2f\" data-element_type=\"widget\" data-widget_type=\"image.default\">\n\t\t\t\t\t\t\t\t\t\t\t\t\t\t\t<img fetchpriority=\"high\" decoding=\"async\" width=\"800\" height=\"636\" src=\"https:\/\/knappenhof.it\/wp-content\/uploads\/2025\/08\/Gruppe-5-1.png\" class=\"attachment-large size-large wp-image-584\" alt=\"\" srcset=\"https:\/\/knappenhof.it\/wp-content\/uploads\/2025\/08\/Gruppe-5-1.png 820w, https:\/\/knappenhof.it\/wp-content\/uploads\/2025\/08\/Gruppe-5-1-300x239.png 300w, https:\/\/knappenhof.it\/wp-content\/uploads\/2025\/08\/Gruppe-5-1-768x611.png 768w\" sizes=\"(max-width: 800px) 100vw, 800px\" \/>\t\t\t\t\t\t\t\t\t\t\t\t\t\t\t<\/div>\n\t\t\t\t<\/div>\n\t\t<div class=\"elementor-element elementor-element-fdcf6ff e-con-full e-flex e-con e-child\" data-id=\"fdcf6ff\" data-element_type=\"container\">\n\t\t\t\t<div class=\"elementor-element elementor-element-40763de custom-txt-w elementor-widget elementor-widget-text-editor\" data-id=\"40763de\" data-element_type=\"widget\" data-widget_type=\"text-editor.default\">\n\t\t\t\t\t\t\t\t\t<p>Al negozio di San Giacomo trovate una selezione di prodotti alimentari e specialit\u00e0 regionali.<\/p>\t\t\t\t\t\t\t\t<\/div>\n\t\t\t\t<\/div>\n\t\t\t\t<\/div>\n\t\t<div class=\"elementor-element elementor-element-8597fed e-con-full col-2  e-flex e-con e-child\" data-id=\"8597fed\" data-element_type=\"container\">\n\t\t<div class=\"elementor-element elementor-element-9f08927 e-con-full e-flex e-con e-child\" data-id=\"9f08927\" data-element_type=\"container\">\n\t\t\t\t<div class=\"elementor-element elementor-element-4e4701a elementor-widget elementor-widget-image\" data-id=\"4e4701a\" data-element_type=\"widget\" data-widget_type=\"image.default\">\n\t\t\t\t\t\t\t\t\t\t\t\t\t\t\t<img decoding=\"async\" width=\"800\" height=\"636\" src=\"https:\/\/knappenhof.it\/wp-content\/uploads\/2025\/08\/Gruppe-65.png\" class=\"attachment-large size-large wp-image-585\" alt=\"\" srcset=\"https:\/\/knappenhof.it\/wp-content\/uploads\/2025\/08\/Gruppe-65.png 820w, https:\/\/knappenhof.it\/wp-content\/uploads\/2025\/08\/Gruppe-65-300x239.png 300w, https:\/\/knappenhof.it\/wp-content\/uploads\/2025\/08\/Gruppe-65-768x611.png 768w\" sizes=\"(max-width: 800px) 100vw, 800px\" \/>\t\t\t\t\t\t\t\t\t\t\t\t\t\t\t<\/div>\n\t\t\t\t<\/div>\n\t\t<div class=\"elementor-element elementor-element-87d420a e-con-full e-flex e-con e-child\" data-id=\"87d420a\" data-element_type=\"container\">\n\t\t\t\t<div class=\"elementor-element elementor-element-21b199b custom-txt-w elementor-widget elementor-widget-text-editor\" data-id=\"21b199b\" data-element_type=\"widget\" data-widget_type=\"text-editor.default\">\n\t\t\t\t\t\t\t\t\t<p>La panetteria del paese, a gestione famigliare, sforna ogni giorno panini e prodotti da forno dolci e salati.<\/p>\t\t\t\t\t\t\t\t<\/div>\n\t\t\t\t<\/div>\n\t\t\t\t<\/div>\n\t\t<div class=\"elementor-element elementor-element-0694422 e-con-full col-2  e-flex e-con e-child\" data-id=\"0694422\" data-element_type=\"container\">\n\t\t<div class=\"elementor-element elementor-element-8c2495b e-con-full e-flex e-con e-child\" data-id=\"8c2495b\" data-element_type=\"container\">\n\t\t\t\t<div class=\"elementor-element elementor-element-f822562 elementor-widget elementor-widget-image\" data-id=\"f822562\" data-element_type=\"widget\" data-widget_type=\"image.default\">\n\t\t\t\t\t\t\t\t\t\t\t\t\t\t\t<img decoding=\"async\" width=\"800\" height=\"636\" src=\"https:\/\/knappenhof.it\/wp-content\/uploads\/2025\/08\/Gruppe-70.png\" class=\"attachment-large size-large wp-image-586\" alt=\"\" srcset=\"https:\/\/knappenhof.it\/wp-content\/uploads\/2025\/08\/Gruppe-70.png 820w, https:\/\/knappenhof.it\/wp-content\/uploads\/2025\/08\/Gruppe-70-300x239.png 300w, https:\/\/knappenhof.it\/wp-content\/uploads\/2025\/08\/Gruppe-70-768x611.png 768w\" sizes=\"(max-width: 800px) 100vw, 800px\" \/>\t\t\t\t\t\t\t\t\t\t\t\t\t\t\t<\/div>\n\t\t\t\t<\/div>\n\t\t<div class=\"elementor-element elementor-element-4864187 e-con-full e-flex e-con e-child\" data-id=\"4864187\" data-element_type=\"container\">\n\t\t\t\t<div class=\"elementor-element elementor-element-0cb46d7 custom-txt-w elementor-widget elementor-widget-text-editor\" data-id=\"0cb46d7\" data-element_type=\"widget\" data-widget_type=\"text-editor.default\">\n\t\t\t\t\t\t\t\t\tPer esplorare le ricette locali, la locanda pi\u00f9 vicina si trova a pochi passi da noi. \t\t\t\t\t\t\t\t<\/div>\n\t\t\t\t<\/div>\n\t\t\t\t<\/div>\n\t\t<div class=\"elementor-element elementor-element-73eb368 e-con-full col-2  e-flex e-con e-child\" data-id=\"73eb368\" data-element_type=\"container\">\n\t\t<div class=\"elementor-element elementor-element-2dc497a e-con-full e-flex e-con e-child\" data-id=\"2dc497a\" data-element_type=\"container\">\n\t\t\t\t<div class=\"elementor-element elementor-element-58b7fb7 elementor-widget elementor-widget-image\" data-id=\"58b7fb7\" data-element_type=\"widget\" data-widget_type=\"image.default\">\n\t\t\t\t\t\t\t\t\t\t\t\t\t\t\t<img loading=\"lazy\" decoding=\"async\" width=\"800\" height=\"636\" src=\"https:\/\/knappenhof.it\/wp-content\/uploads\/2025\/08\/Gruppe-75.png\" class=\"attachment-large size-large wp-image-587\" alt=\"\" srcset=\"https:\/\/knappenhof.it\/wp-content\/uploads\/2025\/08\/Gruppe-75.png 820w, https:\/\/knappenhof.it\/wp-content\/uploads\/2025\/08\/Gruppe-75-300x239.png 300w, https:\/\/knappenhof.it\/wp-content\/uploads\/2025\/08\/Gruppe-75-768x611.png 768w\" sizes=\"(max-width: 800px) 100vw, 800px\" \/>\t\t\t\t\t\t\t\t\t\t\t\t\t\t\t<\/div>\n\t\t\t\t<\/div>\n\t\t<div class=\"elementor-element elementor-element-faaddb1 e-con-full e-flex e-con e-child\" data-id=\"faaddb1\" data-element_type=\"container\">\n\t\t\t\t<div class=\"elementor-element elementor-element-61f3e78 custom-txt-w elementor-widget elementor-widget-text-editor\" data-id=\"61f3e78\" data-element_type=\"widget\" data-widget_type=\"text-editor.default\">\n\t\t\t\t\t\t\t\t\tNon avete voglia n\u00e9 di cucinare n\u00e9 di uscire? Potete sempre prenotare qualcosa e farvelo consegnare direttamente all\u2019appartamento! \t\t\t\t\t\t\t\t<\/div>\n\t\t\t\t<\/div>\n\t\t\t\t<\/div>\n\t\t\t\t<\/section>\n\t\t\t\t<\/div>\n\t\t\t\t<\/div>\n\t\t","protected":false},"excerpt":{"rendered":"<p>Una vacanza che solletica il palato Si dice che l\u2019aria di montagna metta appetito\u2026 sar\u00e0 vero? O forse \u00e8 perch\u00e9 i sapori locali sono cos\u00ec golosi! La vacanza al Knappenhof sar\u00e0 un\u2019ottima occasione per coccolare anche il palato, ad esempio con una deliziosa colazione direttamente in appartamento. Buon appetito&#8230; o come diciamo qui: Mahlzeit! La [&hellip;]<\/p>\n","protected":false},"author":1,"featured_media":0,"parent":0,"menu_order":0,"comment_status":"closed","ping_status":"closed","template":"","meta":{"footnotes":""},"class_list":["post-627","page","type-page","status-publish","hentry"],"yoast_head":"<!-- This site is optimized with the Yoast SEO plugin v25.6 - https:\/\/yoast.com\/wordpress\/plugins\/seo\/ -->\n<title>Il vostro appartamento vacanze in Alto Adige con colazione: Knappenhof in Val di Vizze<\/title>\n<meta name=\"description\" content=\"Nuovi appartamenti per 2\u20136 persone, con piscina coperta e colazione su richiesta, in posizione tranquilla in Val di Vizze a pochi km da Vipiteno. Prenota qui!\" \/>\n<meta name=\"robots\" content=\"index, follow, max-snippet:-1, max-image-preview:large, max-video-preview:-1\" \/>\n<link rel=\"canonical\" href=\"https:\/\/knappenhof.it\/it\/mangiare-bere\/\" \/>\n<meta property=\"og:locale\" content=\"it_IT\" \/>\n<meta property=\"og:type\" content=\"article\" \/>\n<meta property=\"og:title\" content=\"Il vostro appartamento vacanze in Alto Adige con colazione: Knappenhof in Val di Vizze\" \/>\n<meta property=\"og:description\" content=\"Nuovi appartamenti per 2\u20136 persone, con piscina coperta e colazione su richiesta, in posizione tranquilla in Val di Vizze a pochi km da Vipiteno. Prenota qui!\" \/>\n<meta property=\"og:url\" content=\"https:\/\/knappenhof.it\/it\/mangiare-bere\/\" \/>\n<meta property=\"og:site_name\" content=\"My CMS\" \/>\n<meta property=\"article:modified_time\" content=\"2026-01-08T14:15:47+00:00\" \/>\n<meta property=\"og:image\" content=\"https:\/\/knappenhof.it\/wp-content\/uploads\/2026\/01\/0-Knappenhof-154.jpg\" \/>\n<meta name=\"twitter:card\" content=\"summary_large_image\" \/>\n<meta name=\"twitter:label1\" content=\"Tempo di lettura stimato\" \/>\n\t<meta name=\"twitter:data1\" content=\"1 minuto\" \/>\n<script type=\"application\/ld+json\" class=\"yoast-schema-graph\">{\"@context\":\"https:\/\/schema.org\",\"@graph\":[{\"@type\":\"WebPage\",\"@id\":\"https:\/\/knappenhof.it\/it\/mangiare-bere\/\",\"url\":\"https:\/\/knappenhof.it\/it\/mangiare-bere\/\",\"name\":\"Il vostro appartamento vacanze in Alto Adige con colazione: Knappenhof in Val di Vizze\",\"isPartOf\":{\"@id\":\"https:\/\/knappenhof.it\/it\/#website\"},\"primaryImageOfPage\":{\"@id\":\"https:\/\/knappenhof.it\/it\/mangiare-bere\/#primaryimage\"},\"image\":{\"@id\":\"https:\/\/knappenhof.it\/it\/mangiare-bere\/#primaryimage\"},\"thumbnailUrl\":\"https:\/\/knappenhof.it\/wp-content\/uploads\/2026\/01\/0-Knappenhof-154.jpg\",\"datePublished\":\"2025-08-27T10:27:14+00:00\",\"dateModified\":\"2026-01-08T14:15:47+00:00\",\"description\":\"Nuovi appartamenti per 2\u20136 persone, con piscina coperta e colazione su richiesta, in posizione tranquilla in Val di Vizze a pochi km da Vipiteno. Prenota qui!\",\"breadcrumb\":{\"@id\":\"https:\/\/knappenhof.it\/it\/mangiare-bere\/#breadcrumb\"},\"inLanguage\":\"it-IT\",\"potentialAction\":[{\"@type\":\"ReadAction\",\"target\":[\"https:\/\/knappenhof.it\/it\/mangiare-bere\/\"]}]},{\"@type\":\"ImageObject\",\"inLanguage\":\"it-IT\",\"@id\":\"https:\/\/knappenhof.it\/it\/mangiare-bere\/#primaryimage\",\"url\":\"https:\/\/knappenhof.it\/wp-content\/uploads\/2026\/01\/0-Knappenhof-154.jpg\",\"contentUrl\":\"https:\/\/knappenhof.it\/wp-content\/uploads\/2026\/01\/0-Knappenhof-154.jpg\"},{\"@type\":\"BreadcrumbList\",\"@id\":\"https:\/\/knappenhof.it\/it\/mangiare-bere\/#breadcrumb\",\"itemListElement\":[{\"@type\":\"ListItem\",\"position\":1,\"name\":\"Startseite\",\"item\":\"https:\/\/knappenhof.it\/it\/\"},{\"@type\":\"ListItem\",\"position\":2,\"name\":\"Mangiare &amp; bere\"}]},{\"@type\":\"WebSite\",\"@id\":\"https:\/\/knappenhof.it\/it\/#website\",\"url\":\"https:\/\/knappenhof.it\/it\/\",\"name\":\"My CMS\",\"description\":\"Just another WordPress site\",\"potentialAction\":[{\"@type\":\"SearchAction\",\"target\":{\"@type\":\"EntryPoint\",\"urlTemplate\":\"https:\/\/knappenhof.it\/it\/?s={search_term_string}\"},\"query-input\":{\"@type\":\"PropertyValueSpecification\",\"valueRequired\":true,\"valueName\":\"search_term_string\"}}],\"inLanguage\":\"it-IT\"}]}<\/script>\n<!-- \/ Yoast SEO plugin. -->","yoast_head_json":{"title":"Il vostro appartamento vacanze in Alto Adige con colazione: Knappenhof in Val di Vizze","description":"Nuovi appartamenti per 2\u20136 persone, con piscina coperta e colazione su richiesta, in posizione tranquilla in Val di Vizze a pochi km da Vipiteno. Prenota qui!","robots":{"index":"index","follow":"follow","max-snippet":"max-snippet:-1","max-image-preview":"max-image-preview:large","max-video-preview":"max-video-preview:-1"},"canonical":"https:\/\/knappenhof.it\/it\/mangiare-bere\/","og_locale":"it_IT","og_type":"article","og_title":"Il vostro appartamento vacanze in Alto Adige con colazione: Knappenhof in Val di Vizze","og_description":"Nuovi appartamenti per 2\u20136 persone, con piscina coperta e colazione su richiesta, in posizione tranquilla in Val di Vizze a pochi km da Vipiteno. Prenota qui!","og_url":"https:\/\/knappenhof.it\/it\/mangiare-bere\/","og_site_name":"My CMS","article_modified_time":"2026-01-08T14:15:47+00:00","og_image":[{"url":"https:\/\/knappenhof.it\/wp-content\/uploads\/2026\/01\/0-Knappenhof-154.jpg","type":"","width":"","height":""}],"twitter_card":"summary_large_image","twitter_misc":{"Tempo di lettura stimato":"1 minuto"},"schema":{"@context":"https:\/\/schema.org","@graph":[{"@type":"WebPage","@id":"https:\/\/knappenhof.it\/it\/mangiare-bere\/","url":"https:\/\/knappenhof.it\/it\/mangiare-bere\/","name":"Il vostro appartamento vacanze in Alto Adige con colazione: Knappenhof in Val di Vizze","isPartOf":{"@id":"https:\/\/knappenhof.it\/it\/#website"},"primaryImageOfPage":{"@id":"https:\/\/knappenhof.it\/it\/mangiare-bere\/#primaryimage"},"image":{"@id":"https:\/\/knappenhof.it\/it\/mangiare-bere\/#primaryimage"},"thumbnailUrl":"https:\/\/knappenhof.it\/wp-content\/uploads\/2026\/01\/0-Knappenhof-154.jpg","datePublished":"2025-08-27T10:27:14+00:00","dateModified":"2026-01-08T14:15:47+00:00","description":"Nuovi appartamenti per 2\u20136 persone, con piscina coperta e colazione su richiesta, in posizione tranquilla in Val di Vizze a pochi km da Vipiteno. Prenota qui!","breadcrumb":{"@id":"https:\/\/knappenhof.it\/it\/mangiare-bere\/#breadcrumb"},"inLanguage":"it-IT","potentialAction":[{"@type":"ReadAction","target":["https:\/\/knappenhof.it\/it\/mangiare-bere\/"]}]},{"@type":"ImageObject","inLanguage":"it-IT","@id":"https:\/\/knappenhof.it\/it\/mangiare-bere\/#primaryimage","url":"https:\/\/knappenhof.it\/wp-content\/uploads\/2026\/01\/0-Knappenhof-154.jpg","contentUrl":"https:\/\/knappenhof.it\/wp-content\/uploads\/2026\/01\/0-Knappenhof-154.jpg"},{"@type":"BreadcrumbList","@id":"https:\/\/knappenhof.it\/it\/mangiare-bere\/#breadcrumb","itemListElement":[{"@type":"ListItem","position":1,"name":"Startseite","item":"https:\/\/knappenhof.it\/it\/"},{"@type":"ListItem","position":2,"name":"Mangiare &amp; bere"}]},{"@type":"WebSite","@id":"https:\/\/knappenhof.it\/it\/#website","url":"https:\/\/knappenhof.it\/it\/","name":"My CMS","description":"Just another WordPress site","potentialAction":[{"@type":"SearchAction","target":{"@type":"EntryPoint","urlTemplate":"https:\/\/knappenhof.it\/it\/?s={search_term_string}"},"query-input":{"@type":"PropertyValueSpecification","valueRequired":true,"valueName":"search_term_string"}}],"inLanguage":"it-IT"}]}},"_links":{"self":[{"href":"https:\/\/knappenhof.it\/it\/wp-json\/wp\/v2\/pages\/627","targetHints":{"allow":["GET"]}}],"collection":[{"href":"https:\/\/knappenhof.it\/it\/wp-json\/wp\/v2\/pages"}],"about":[{"href":"https:\/\/knappenhof.it\/it\/wp-json\/wp\/v2\/types\/page"}],"author":[{"embeddable":true,"href":"https:\/\/knappenhof.it\/it\/wp-json\/wp\/v2\/users\/1"}],"replies":[{"embeddable":true,"href":"https:\/\/knappenhof.it\/it\/wp-json\/wp\/v2\/comments?post=627"}],"version-history":[{"count":0,"href":"https:\/\/knappenhof.it\/it\/wp-json\/wp\/v2\/pages\/627\/revisions"}],"wp:attachment":[{"href":"https:\/\/knappenhof.it\/it\/wp-json\/wp\/v2\/media?parent=627"}],"curies":[{"name":"wp","href":"https:\/\/api.w.org\/{rel}","templated":true}]}}