{"id":755,"date":"2025-09-01T12:40:52","date_gmt":"2025-09-01T12:40:52","guid":{"rendered":"https:\/\/demo.old.knappenhof.it\/colophon\/"},"modified":"2025-11-07T13:45:48","modified_gmt":"2025-11-07T13:45:48","slug":"colophon","status":"publish","type":"page","link":"https:\/\/knappenhof.it\/it\/colophon\/","title":{"rendered":"Colophon"},"content":{"rendered":"\t\t<div data-elementor-type=\"wp-page\" data-elementor-id=\"755\" class=\"elementor elementor-755 elementor-411\" data-elementor-post-type=\"page\">\n\t\t\t\t<div class=\"elementor-element elementor-element-9972743 e-con-full e-flex e-con e-parent\" data-id=\"9972743\" data-element_type=\"container\">\n\t\t<section class=\"elementor-element elementor-element-8b34507 e-con-full e-flex e-con e-child\" data-id=\"8b34507\" data-element_type=\"container\" data-settings=\"{&quot;background_background&quot;:&quot;classic&quot;}\">\n\t\t\t\t<div class=\"elementor-element elementor-element-e6ee14f elementor-widget elementor-widget-image\" data-id=\"e6ee14f\" data-element_type=\"widget\" data-widget_type=\"image.default\">\n\t\t\t\t\t\t\t\t\t\t\t\t\t\t\t<img fetchpriority=\"high\" decoding=\"async\" width=\"1920\" height=\"1080\" src=\"https:\/\/knappenhof.it\/wp-content\/uploads\/2025\/08\/Gruppe-1.png\" class=\"attachment-full size-full wp-image-559\" alt=\"\" srcset=\"https:\/\/knappenhof.it\/wp-content\/uploads\/2025\/08\/Gruppe-1.png 1920w, https:\/\/knappenhof.it\/wp-content\/uploads\/2025\/08\/Gruppe-1-300x169.png 300w, https:\/\/knappenhof.it\/wp-content\/uploads\/2025\/08\/Gruppe-1-1024x576.png 1024w, https:\/\/knappenhof.it\/wp-content\/uploads\/2025\/08\/Gruppe-1-768x432.png 768w, https:\/\/knappenhof.it\/wp-content\/uploads\/2025\/08\/Gruppe-1-1536x864.png 1536w\" sizes=\"(max-width: 1920px) 100vw, 1920px\" \/>\t\t\t\t\t\t\t\t\t\t\t\t\t\t\t<\/div>\n\t\t\t\t<\/section>\n\t\t<section class=\"elementor-element elementor-element-aa1e3d9 e-con-full p-bt-m e-flex e-con e-child\" data-id=\"aa1e3d9\" data-element_type=\"container\">\n\t\t<div class=\"elementor-element elementor-element-f15c70d e-con-full block-tit-subtit-txt w-60 container-i p-t-l p-i-l  e-flex e-con e-child\" data-id=\"f15c70d\" data-element_type=\"container\">\n\t\t\t\t<div class=\"elementor-element elementor-element-06d8b2b elementor-widget elementor-widget-heading\" data-id=\"06d8b2b\" data-element_type=\"widget\" data-widget_type=\"heading.default\">\n\t\t\t\t\t<h1 class=\"elementor-heading-title elementor-size-default\">Colophon<\/h1>\t\t\t\t<\/div>\n\t\t\t\t<\/div>\n\t\t<div class=\"elementor-element elementor-element-48c7884 e-con-full w-70 e-flex e-con e-child\" data-id=\"48c7884\" data-element_type=\"container\">\n\t\t\t\t<div class=\"elementor-element elementor-element-fc1eac7 elementor-widget elementor-widget-html\" data-id=\"fc1eac7\" data-element_type=\"widget\" data-widget_type=\"html.default\">\n\t\t\t\t\t<div class=\"impr\">\n<div class=\"impr-top\">\n    <br><address>\n<strong>Residence Knappenhof KG<\/strong><br>St. Jakob 12<br>39049 Pfitsch<br>Tel. +39 <a href=\"cal:+390472630200\">0472 \/ 630200<\/a><br>E-Mail: <a href=\"mailto:info@knappenhof.it\">info@knappenhof.it<\/a><br>Internet: <a href=\"www.knappenhof.it\">www.knappenhof.it<\/a> <br><br><strong>Gesetzlicher Vertreter\/in: Thomas Volgger<\/strong><br>Handelskammer: Bozen<br>REA Nr. BZ-159057<br>MwSt.-Nr.: 01715730212<br>Steuernummer: VLGTMS69T12M067P<br>CIN: IT021107A1DWB5D56U\n<\/address>\n<\/div>\n\n<p><strong>Copyright per le immagini e grafiche utilizzat<\/strong><\/p>\n\n<p>\n<\/p><ul class=\"no-m\">\n\t<li>IDM S\u00fcdtirol-Alto Adige \/ Alex Filz<\/li>\n\t<li>IDM S\u00fcdtirol-Alto Adige \/ Helmut Moling<\/li>\n\t<li>IDM S\u00fcdtirol-Alto Adige \/ Thomas Monsorno<\/li>\n\t<li>TV Sterzing Pfitsch Freienfeld - 99tales<\/li>\n    <li>TV Sterzing Pfitsch Freienfeld - Patrick Schwienbacher <\/li>\n    <li>TV Sterzing Pfitsch Freienfeld - Harald Wisthaler<\/li>\n    <li>TV Sterzing Pfitsch Freienfeld - Guus Reinartz<\/li>\n    <li>TV Sterzing Pfitsch Freienfeld - Tom Kieslich<\/li>\n\n<\/ul>\n<p><\/p>\n<p><strong>Risoluzione delle controversie\n<br><\/strong><\/p>\n\n\n<p><strong>Concetto e realizzazione<\/strong><br>muwit der sandra stablum<br>Oberstadt 60<br>39043 Klausen (BZ)<br>Tel. <a href=\"tel:+39%20347%201330206\">+39 347 1330206<\/a><br>MwSt. Nr. IT02730810211<br>St. Nr. STB SDR 88 A44 B160 S<br><a href=\"mailto:info@muwit.it\">info@muwit.it<\/a><br><a href=\"https:\/\/www.muwit.it\/it\" target=\"_blank\" rel=\"noopener\">www.muwit.it<\/a><\/p>\n\n\n<p><strong>Responsabile per il contenuto<\/strong><br><strong>Dichiarazione liberatori:<\/strong><br><br><\/p><p>\n<strong>Responsabilit\u00e0 per i contenuti<\/strong><br>\nI contenuti delle nostre pagine sono stati redatti, elaborati e controllati scrupolosamente. Tuttavia, non ci assumiamo nessuna responsabilit\u00e0 per la correttezza, qualit\u00e0, completezza e attualit\u00e0 dei contenuti, poich\u00e9 non \u00e8 da escludere che siano cambiati nel tempo. Come prestatori di servizi siamo responsabili per i contenuti di queste pagine in base alla normativa vigente. Nella nostra qualit\u00e0 di prestatori di servizi non siamo per\u00f2 obbligati a controllare l\u2019esattezza di informazioni ricevute o salvate da terzi, o a controllare se sussistano irregolarit\u00e0 che indichino un\u2019attivit\u00e0 illegale. L\u2019obbligo di rimuovere o bloccare l\u2019utilizzo di informazioni secondo la normativa vigente rimane valido. L\u2019assunzione di tale responsabilit\u00e0 \u00e8 tuttavia possibile solamente dopo il momento dell\u2019effettivo riconoscimento da parte nostra di una concreta violazione di diritto. Alla presa d\u2019atto di tali violazioni di legge provvederemo immediatamente alla rimozione dei contenuti in questione.<br>Si escludono di principio le rivendicazioni di responsabilit\u00e0 di qualsiasi tipo causate dall\u2019utilizzo di informazioni messe a disposizione, oppure da informazioni errate e\/o incomplete.  \n\n<br><br><strong>Responsabilit\u00e0 per i link:<\/strong><br>\nI contenuti delle nostre pagine sono stati redatti, elaborati e controllati scrupolosamente. Tuttavia, non ci assumiamo nessuna responsabilit\u00e0 per la correttezza, qualit\u00e0, completezza e attualit\u00e0 dei contenuti, poich\u00e9 non \u00e8 da escludere che siano cambiati nel tempo. Come prestatori di servizi siamo responsabili per i contenuti di queste pagine in base alla normativa vigente. Nella nostra qualit\u00e0 di prestatori di servizi non siamo per\u00f2 obbligati a controllare l\u2019esattezza di informazioni ricevute o salvate da terzi, o a controllare se sussistano irregolarit\u00e0 che indichino un\u2019attivit\u00e0 illegale. L\u2019obbligo di rimuovere o bloccare l\u2019utilizzo di informazioni secondo la normativa vigente rimane valido. L\u2019assunzione di tale responsabilit\u00e0 \u00e8 tuttavia possibile solamente dopo il momento dell\u2019effettivo riconoscimento da parte nostra di una concreta violazione di diritto. Alla presa d\u2019atto di tali violazioni di legge provvederemo immediatamente alla rimozione dei contenuti in questione.<br>Si escludono di principio le rivendicazioni di responsabilit\u00e0 di qualsiasi tipo causate dall\u2019utilizzo di informazioni messe a disposizione, oppure da informazioni errate e\/o incomplete.  \n<br><br><strong>Copyright:<\/strong><br>\nTutti i contenuti e le opere creati dal web designer e dai gestori del sito sono protetti da copyright. La riproduzione, l\u2019alterazione, la distribuzione e qualsiasi forma di utilizzo, soprattutto per scopi commerciali, al di fuori dei limiti del diritto d\u2019autore, sono severamente vietate e ammesse esclusivamente previa autorizzazione scritta del relativo autore o creatore. Nel caso i contenuti di questa pagina non siano stati creati dal gestore, sono da rispettare i diritti di copyright di terzi. I contenuti redatti da terzi sono contrassegnati come tali. In caso doveste notare una violazione del copyright, vi preghiamo gentilmente di farci pervenire un\u2019apposita segnalazione. All\u2019atto di presa di conoscenza di tali violazioni di legge, i contenuti in questione saranno naturalmente rimossi subito, senza per\u00f2 assumerne nessuna responsabilit\u00e0.     \n<\/p>\n\n<\/div>\n<style>\n    .impr {\n    text-align: center;\n}\n\n.impr * {\n   color:var(--e-global-color-text);\n    margin-inline: auto;\n    max-width: 850px;\n}\n\n.impr ul li {\n    margin-bottom: 1rem;\n}\n.impr ul {\n    margin-top: 1rem;\n    list-style: none;\n}\nul.no-m, ul.no-m * {\n    margin: auto!important;\n    padding-inline: 0;\n}\n\naddress  {\n    text-transform: normal;\n    font-style: normal;\n}\n<\/style>\t\t\t\t<\/div>\n\t\t\t\t<\/div>\n\t\t\t\t<\/section>\n\t\t\t\t<\/div>\n\t\t\t\t<\/div>\n\t\t","protected":false},"excerpt":{"rendered":"<p>Colophon Residence Knappenhof KGSt. Jakob 1239049 PfitschTel. +39 0472 \/ 630200E-Mail: info@knappenhof.itInternet: www.knappenhof.it Gesetzlicher Vertreter\/in: Thomas VolggerHandelskammer: BozenREA Nr. BZ-159057MwSt.-Nr.: 01715730212Steuernummer: VLGTMS69T12M067PCIN: IT021107A1DWB5D56U Copyright per le immagini e grafiche utilizzat IDM S\u00fcdtirol-Alto Adige \/ Alex Filz IDM S\u00fcdtirol-Alto Adige \/ Helmut Moling IDM S\u00fcdtirol-Alto Adige \/ Thomas Monsorno TV Sterzing Pfitsch Freienfeld &#8211; 99tales TV [&hellip;]<\/p>\n","protected":false},"author":1,"featured_media":0,"parent":0,"menu_order":0,"comment_status":"closed","ping_status":"closed","template":"","meta":{"footnotes":""},"class_list":["post-755","page","type-page","status-publish","hentry"],"yoast_head":"<!-- This site is optimized with the Yoast SEO plugin v25.6 - https:\/\/yoast.com\/wordpress\/plugins\/seo\/ -->\n<title>Impressum<\/title>\n<meta name=\"robots\" content=\"noindex, follow\" \/>\n<meta property=\"og:locale\" content=\"it_IT\" \/>\n<meta property=\"og:type\" content=\"article\" \/>\n<meta property=\"og:title\" content=\"Impressum\" \/>\n<meta property=\"og:description\" content=\"Colophon Residence Knappenhof KGSt. Jakob 1239049 PfitschTel. +39 0472 \/ 630200E-Mail: info@knappenhof.itInternet: www.knappenhof.it Gesetzlicher Vertreter\/in: Thomas VolggerHandelskammer: BozenREA Nr. BZ-159057MwSt.-Nr.: 01715730212Steuernummer: VLGTMS69T12M067PCIN: IT021107A1DWB5D56U Copyright per le immagini e grafiche utilizzat IDM S\u00fcdtirol-Alto Adige \/ Alex Filz IDM S\u00fcdtirol-Alto Adige \/ Helmut Moling IDM S\u00fcdtirol-Alto Adige \/ Thomas Monsorno TV Sterzing Pfitsch Freienfeld &#8211; 99tales TV [&hellip;]\" \/>\n<meta property=\"og:url\" content=\"https:\/\/knappenhof.it\/it\/colophon\/\" \/>\n<meta property=\"og:site_name\" content=\"My CMS\" \/>\n<meta property=\"article:modified_time\" content=\"2025-11-07T13:45:48+00:00\" \/>\n<meta property=\"og:image\" content=\"https:\/\/knappenhof.it\/wp-content\/uploads\/2025\/08\/Gruppe-1.png\" \/>\n\t<meta property=\"og:image:width\" content=\"1920\" \/>\n\t<meta property=\"og:image:height\" content=\"1080\" \/>\n\t<meta property=\"og:image:type\" content=\"image\/png\" \/>\n<meta name=\"twitter:card\" content=\"summary_large_image\" \/>\n<meta name=\"twitter:label1\" content=\"Tempo di lettura stimato\" \/>\n\t<meta name=\"twitter:data1\" content=\"4 minuti\" \/>\n<script type=\"application\/ld+json\" class=\"yoast-schema-graph\">{\"@context\":\"https:\/\/schema.org\",\"@graph\":[{\"@type\":\"WebPage\",\"@id\":\"https:\/\/knappenhof.it\/it\/colophon\/\",\"url\":\"https:\/\/knappenhof.it\/it\/colophon\/\",\"name\":\"Impressum\",\"isPartOf\":{\"@id\":\"https:\/\/knappenhof.it\/it\/#website\"},\"primaryImageOfPage\":{\"@id\":\"https:\/\/knappenhof.it\/it\/colophon\/#primaryimage\"},\"image\":{\"@id\":\"https:\/\/knappenhof.it\/it\/colophon\/#primaryimage\"},\"thumbnailUrl\":\"https:\/\/knappenhof.it\/wp-content\/uploads\/2025\/08\/Gruppe-1.png\",\"datePublished\":\"2025-09-01T12:40:52+00:00\",\"dateModified\":\"2025-11-07T13:45:48+00:00\",\"breadcrumb\":{\"@id\":\"https:\/\/knappenhof.it\/it\/colophon\/#breadcrumb\"},\"inLanguage\":\"it-IT\",\"potentialAction\":[{\"@type\":\"ReadAction\",\"target\":[\"https:\/\/knappenhof.it\/it\/colophon\/\"]}]},{\"@type\":\"ImageObject\",\"inLanguage\":\"it-IT\",\"@id\":\"https:\/\/knappenhof.it\/it\/colophon\/#primaryimage\",\"url\":\"https:\/\/knappenhof.it\/wp-content\/uploads\/2025\/08\/Gruppe-1.png\",\"contentUrl\":\"https:\/\/knappenhof.it\/wp-content\/uploads\/2025\/08\/Gruppe-1.png\"},{\"@type\":\"BreadcrumbList\",\"@id\":\"https:\/\/knappenhof.it\/it\/colophon\/#breadcrumb\",\"itemListElement\":[{\"@type\":\"ListItem\",\"position\":1,\"name\":\"Startseite\",\"item\":\"https:\/\/knappenhof.it\/it\/\"},{\"@type\":\"ListItem\",\"position\":2,\"name\":\"Colophon\"}]},{\"@type\":\"WebSite\",\"@id\":\"https:\/\/knappenhof.it\/it\/#website\",\"url\":\"https:\/\/knappenhof.it\/it\/\",\"name\":\"My CMS\",\"description\":\"Just another WordPress site\",\"potentialAction\":[{\"@type\":\"SearchAction\",\"target\":{\"@type\":\"EntryPoint\",\"urlTemplate\":\"https:\/\/knappenhof.it\/it\/?s={search_term_string}\"},\"query-input\":{\"@type\":\"PropertyValueSpecification\",\"valueRequired\":true,\"valueName\":\"search_term_string\"}}],\"inLanguage\":\"it-IT\"}]}<\/script>\n<!-- \/ Yoast SEO plugin. -->","yoast_head_json":{"title":"Impressum","robots":{"index":"noindex","follow":"follow"},"og_locale":"it_IT","og_type":"article","og_title":"Impressum","og_description":"Colophon Residence Knappenhof KGSt. Jakob 1239049 PfitschTel. +39 0472 \/ 630200E-Mail: info@knappenhof.itInternet: www.knappenhof.it Gesetzlicher Vertreter\/in: Thomas VolggerHandelskammer: BozenREA Nr. BZ-159057MwSt.-Nr.: 01715730212Steuernummer: VLGTMS69T12M067PCIN: IT021107A1DWB5D56U Copyright per le immagini e grafiche utilizzat IDM S\u00fcdtirol-Alto Adige \/ Alex Filz IDM S\u00fcdtirol-Alto Adige \/ Helmut Moling IDM S\u00fcdtirol-Alto Adige \/ Thomas Monsorno TV Sterzing Pfitsch Freienfeld &#8211; 99tales TV [&hellip;]","og_url":"https:\/\/knappenhof.it\/it\/colophon\/","og_site_name":"My CMS","article_modified_time":"2025-11-07T13:45:48+00:00","og_image":[{"width":1920,"height":1080,"url":"https:\/\/knappenhof.it\/wp-content\/uploads\/2025\/08\/Gruppe-1.png","type":"image\/png"}],"twitter_card":"summary_large_image","twitter_misc":{"Tempo di lettura stimato":"4 minuti"},"schema":{"@context":"https:\/\/schema.org","@graph":[{"@type":"WebPage","@id":"https:\/\/knappenhof.it\/it\/colophon\/","url":"https:\/\/knappenhof.it\/it\/colophon\/","name":"Impressum","isPartOf":{"@id":"https:\/\/knappenhof.it\/it\/#website"},"primaryImageOfPage":{"@id":"https:\/\/knappenhof.it\/it\/colophon\/#primaryimage"},"image":{"@id":"https:\/\/knappenhof.it\/it\/colophon\/#primaryimage"},"thumbnailUrl":"https:\/\/knappenhof.it\/wp-content\/uploads\/2025\/08\/Gruppe-1.png","datePublished":"2025-09-01T12:40:52+00:00","dateModified":"2025-11-07T13:45:48+00:00","breadcrumb":{"@id":"https:\/\/knappenhof.it\/it\/colophon\/#breadcrumb"},"inLanguage":"it-IT","potentialAction":[{"@type":"ReadAction","target":["https:\/\/knappenhof.it\/it\/colophon\/"]}]},{"@type":"ImageObject","inLanguage":"it-IT","@id":"https:\/\/knappenhof.it\/it\/colophon\/#primaryimage","url":"https:\/\/knappenhof.it\/wp-content\/uploads\/2025\/08\/Gruppe-1.png","contentUrl":"https:\/\/knappenhof.it\/wp-content\/uploads\/2025\/08\/Gruppe-1.png"},{"@type":"BreadcrumbList","@id":"https:\/\/knappenhof.it\/it\/colophon\/#breadcrumb","itemListElement":[{"@type":"ListItem","position":1,"name":"Startseite","item":"https:\/\/knappenhof.it\/it\/"},{"@type":"ListItem","position":2,"name":"Colophon"}]},{"@type":"WebSite","@id":"https:\/\/knappenhof.it\/it\/#website","url":"https:\/\/knappenhof.it\/it\/","name":"My CMS","description":"Just another WordPress site","potentialAction":[{"@type":"SearchAction","target":{"@type":"EntryPoint","urlTemplate":"https:\/\/knappenhof.it\/it\/?s={search_term_string}"},"query-input":{"@type":"PropertyValueSpecification","valueRequired":true,"valueName":"search_term_string"}}],"inLanguage":"it-IT"}]}},"_links":{"self":[{"href":"https:\/\/knappenhof.it\/it\/wp-json\/wp\/v2\/pages\/755","targetHints":{"allow":["GET"]}}],"collection":[{"href":"https:\/\/knappenhof.it\/it\/wp-json\/wp\/v2\/pages"}],"about":[{"href":"https:\/\/knappenhof.it\/it\/wp-json\/wp\/v2\/types\/page"}],"author":[{"embeddable":true,"href":"https:\/\/knappenhof.it\/it\/wp-json\/wp\/v2\/users\/1"}],"replies":[{"embeddable":true,"href":"https:\/\/knappenhof.it\/it\/wp-json\/wp\/v2\/comments?post=755"}],"version-history":[{"count":0,"href":"https:\/\/knappenhof.it\/it\/wp-json\/wp\/v2\/pages\/755\/revisions"}],"wp:attachment":[{"href":"https:\/\/knappenhof.it\/it\/wp-json\/wp\/v2\/media?parent=755"}],"curies":[{"name":"wp","href":"https:\/\/api.w.org\/{rel}","templated":true}]}}